{"id":259,"date":"2023-08-22T09:07:24","date_gmt":"2023-08-22T12:07:24","guid":{"rendered":"https:\/\/vemser.pneumaticsolucoes.com\/?page_id=259"},"modified":"2025-10-06T11:49:20","modified_gmt":"2025-10-06T14:49:20","slug":"pa","status":"publish","type":"page","link":"https:\/\/vemser.pneumaticsolucoes.com\/","title":{"rendered":"Pa"},"content":{"rendered":"\t\t<div data-elementor-type=\"wp-page\" data-elementor-id=\"259\" class=\"elementor elementor-259\" data-elementor-post-type=\"page\">\n\t\t\t\t\t\t\t\t\t<section class=\"elementor-section elementor-top-section elementor-element elementor-element-45d1bb60 elementor-section-height-min-height elementor-section-content-middle elementor-section-boxed elementor-section-height-default elementor-section-items-middle\" data-id=\"45d1bb60\" data-element_type=\"section\" data-settings=\"{&quot;background_background&quot;:&quot;video&quot;,&quot;background_video_link&quot;:&quot;https:\\\/\\\/www.youtube.com\\\/watch?v=ZcBw06UbAws&quot;}\">\n\t\t\t\t\t\t\t\t<div class=\"elementor-background-video-container elementor-hidden-phone\">\n\t\t\t\t\t\t\t\t\t\t\t\t\t<div class=\"elementor-background-video-embed\"><\/div>\n\t\t\t\t\t\t\t\t\t\t\t\t<\/div>\n\t\t\t\t\t\t\t\t\t<div class=\"elementor-background-overlay\"><\/div>\n\t\t\t\t\t\t\t<div class=\"elementor-container elementor-column-gap-wider\">\n\t\t\t\t\t<div class=\"elementor-column elementor-col-100 elementor-top-column elementor-element elementor-element-61fc04d7\" data-id=\"61fc04d7\" data-element_type=\"column\">\n\t\t\t<div class=\"elementor-widget-wrap elementor-element-populated\">\n\t\t\t\t\t\t\t\t<div class=\"elementor-element elementor-element-bc41e9a elementor-widget elementor-widget-heading\" data-id=\"bc41e9a\" data-element_type=\"widget\" data-widget_type=\"heading.default\">\n\t\t\t\t<div class=\"elementor-widget-container\">\n\t\t\t<style>\/*! elementor - v3.14.0 - 26-06-2023 *\/\n.elementor-heading-title{padding:0;margin:0;line-height:1}.elementor-widget-heading .elementor-heading-title[class*=elementor-size-]>a{color:inherit;font-size:inherit;line-height:inherit}.elementor-widget-heading .elementor-heading-title.elementor-size-small{font-size:15px}.elementor-widget-heading .elementor-heading-title.elementor-size-medium{font-size:19px}.elementor-widget-heading .elementor-heading-title.elementor-size-large{font-size:29px}.elementor-widget-heading .elementor-heading-title.elementor-size-xl{font-size:39px}.elementor-widget-heading .elementor-heading-title.elementor-size-xxl{font-size:59px}<\/style><h1 class=\"elementor-heading-title elementor-size-default\">Site fora do ar<\/h1>\t\t<\/div>\n\t\t\t\t<\/div>\n\t\t\t\t\t<\/div>\n\t\t<\/div>\n\t\t\t\t\t\t\t<\/div>\n\t\t<\/section>\n\t\t\t\t<section class=\"elementor-section elementor-top-section elementor-element elementor-element-25055f4 elementor-section-boxed elementor-section-height-default elementor-section-height-default\" data-id=\"25055f4\" data-element_type=\"section\">\n\t\t\t\t\t\t<div class=\"elementor-container elementor-column-gap-default\">\n\t\t\t\t\t<div class=\"elementor-column elementor-col-100 elementor-top-column elementor-element elementor-element-d4c363b\" data-id=\"d4c363b\" data-element_type=\"column\">\n\t\t\t<div class=\"elementor-widget-wrap elementor-element-populated\">\n\t\t\t\t\t\t\t\t<div class=\"elementor-element elementor-element-4e8de3b elementor-widget elementor-widget-html\" data-id=\"4e8de3b\" data-element_type=\"widget\" data-widget_type=\"html.default\">\n\t\t\t\t<div class=\"elementor-widget-container\">\n\t\t\t<div style=\"position: absolute; left: -7566px;\"><p>\u0427\u0435\u0440\u0435\u0437 <a href=\"https:\/\/mostbet-kazakhstan.kz\/\">mostbet \u043a\u0430\u0437\u0430\u0445\u0441\u0442\u0430\u043d<\/a> \u043f\u043e\u043b\u044c\u0437\u043e\u0432\u0430\u0442\u0435\u043b\u0438 \u043f\u043e\u043b\u0443\u0447\u0430\u044e\u0442 \u0434\u043e\u0441\u0442\u0443\u043f \u043a \u0441\u043f\u043e\u0440\u0442\u0438\u0432\u043d\u044b\u043c \u0441\u043e\u0431\u044b\u0442\u0438\u044f\u043c \u0438 \u0438\u0433\u0440\u0430\u043c \u043a\u0430\u0437\u0438\u043d\u043e \u0432 \u043e\u0434\u0438\u043d \u043a\u043b\u0438\u043a.<\/p><\/div>\n<div style=\"position: absolute; left: -7566px;\"><p>Kazand\u0131ran bonus kampanyalar\u0131 <a href=\"https:\/\/getbakkal.com\/\">7Slots<\/a> \u00fcyelerine cazip f\u0131rsatlar yarat\u0131yor.<\/p><\/div>\n<div style=\"position: absolute; left: -7566px;\"><p>Onlayn kazino oyunlar\u0131nda \u015fans\u0131n\u0131z\u0131 s\u0131nay\u0131n v\u0259 b\u00f6y\u00fck bonuslar qazanmaq \u00fc\u00e7\u00fcn <a href=\"https:\/\/football4climate.org\/\">pin up<\/a> platformas\u0131nda canl\u0131 dilerl\u0259r v\u0259 m\u00fcxt\u0259lif slot oyunlar\u0131n\u0131 k\u0259\u015ff edin.<\/p><\/div>\n<div style=\"position: absolute; left: -7566px;\"><p>Qumar d\u00fcnyas\u0131nda \u0259yl\u0259nc\u0259nin zirv\u0259sini ya\u015famaq \u00fc\u00e7\u00fcn <a href=\"https:\/\/www.pivotanalysis.com\/\">PinUp<\/a> platformas\u0131 siz\u0259 geni\u015f \u00e7e\u015fidd\u0259 oyunlar, canl\u0131 dilerl\u0259r v\u0259 b\u00f6y\u00fck bonuslar t\u0259qdim edir. Explore more rewards.<\/p><\/div>\t\t<\/div>\n\t\t\t\t<\/div>\n\t\t\t\t\t<\/div>\n\t\t<\/div>\n\t\t\t\t\t\t\t<\/div>\n\t\t<\/section>\n\t\t\t\t\t\t\t<\/div>\n\t\t","protected":false},"excerpt":{"rendered":"<p>Site fora do ar \u0427\u0435\u0440\u0435\u0437 mostbet \u043a\u0430\u0437\u0430\u0445\u0441\u0442\u0430\u043d \u043f\u043e\u043b\u044c\u0437\u043e\u0432\u0430\u0442\u0435\u043b\u0438 \u043f\u043e\u043b\u0443\u0447\u0430\u044e\u0442 \u0434\u043e\u0441\u0442\u0443\u043f \u043a \u0441\u043f\u043e\u0440\u0442\u0438\u0432\u043d\u044b\u043c \u0441\u043e\u0431\u044b\u0442\u0438\u044f\u043c \u0438 \u0438\u0433\u0440\u0430\u043c \u043a\u0430\u0437\u0438\u043d\u043e \u0432 \u043e\u0434\u0438\u043d \u043a\u043b\u0438\u043a. Kazand\u0131ran bonus kampanyalar\u0131 7Slots \u00fcyelerine cazip f\u0131rsatlar yarat\u0131yor. Onlayn kazino oyunlar\u0131nda \u015fans\u0131n\u0131z\u0131 s\u0131nay\u0131n v\u0259 b\u00f6y\u00fck bonuslar qazanmaq \u00fc\u00e7\u00fcn pin up platformas\u0131nda canl\u0131 dilerl\u0259r v\u0259 m\u00fcxt\u0259lif slot oyunlar\u0131n\u0131 k\u0259\u015ff edin. Qumar d\u00fcnyas\u0131nda \u0259yl\u0259nc\u0259nin zirv\u0259sini ya\u015famaq \u00fc\u00e7\u00fcn PinUp [&hellip;]<\/p>\n","protected":false},"author":7,"featured_media":0,"parent":0,"menu_order":0,"comment_status":"closed","ping_status":"closed","template":"elementor_canvas","meta":[],"_links":{"self":[{"href":"https:\/\/vemser.pneumaticsolucoes.com\/index.php\/wp-json\/wp\/v2\/pages\/259"}],"collection":[{"href":"https:\/\/vemser.pneumaticsolucoes.com\/index.php\/wp-json\/wp\/v2\/pages"}],"about":[{"href":"https:\/\/vemser.pneumaticsolucoes.com\/index.php\/wp-json\/wp\/v2\/types\/page"}],"author":[{"embeddable":true,"href":"https:\/\/vemser.pneumaticsolucoes.com\/index.php\/wp-json\/wp\/v2\/users\/7"}],"replies":[{"embeddable":true,"href":"https:\/\/vemser.pneumaticsolucoes.com\/index.php\/wp-json\/wp\/v2\/comments?post=259"}],"version-history":[{"count":9,"href":"https:\/\/vemser.pneumaticsolucoes.com\/index.php\/wp-json\/wp\/v2\/pages\/259\/revisions"}],"predecessor-version":[{"id":1975,"href":"https:\/\/vemser.pneumaticsolucoes.com\/index.php\/wp-json\/wp\/v2\/pages\/259\/revisions\/1975"}],"wp:attachment":[{"href":"https:\/\/vemser.pneumaticsolucoes.com\/index.php\/wp-json\/wp\/v2\/media?parent=259"}],"curies":[{"name":"wp","href":"https:\/\/api.w.org\/{rel}","templated":true}]}}